{"id":4347,"date":"2022-02-18T11:04:11","date_gmt":"2022-02-18T10:04:11","guid":{"rendered":"https:\/\/www.cornetsdegroot.com\/rhcdg\/?page_id=4347"},"modified":"2022-03-08T01:23:30","modified_gmt":"2022-03-08T00:23:30","slug":"arjen-duinker-misschien-vier-vergelijkingen","status":"publish","type":"page","link":"https:\/\/www.cornetsdegroot.com\/rhcdg\/arjen-duinker-misschien-vier-vergelijkingen\/","title":{"rendered":"Alles + n"},"content":{"rendered":"<div class=\"bibl\">Over Arjen Duinker, <em>Misschien vier vergelijkingen<\/em>, J.M. Meulenhoff BV, Amsterdam 2002<br \/>\nBron: <em>Meander<\/em>, afl. 195, 1 september 2002<\/div>\n<p><img loading=\"lazy\" decoding=\"async\" class=\"alignnone size-full wp-image-4348\" src=\"https:\/\/www.cornetsdegroot.com\/rhcdg\/files\/2022\/02\/duinker.jpg\" alt=\"Omslag bundel\" width=\"170\" height=\"258\" \/><\/h3>\n<div class=\"gedicht\">Welkom in mijn binnenste<br \/>\nEn welkom op mijn trap.<br \/>\nO trap van weinig treden!<br \/>\nO trap en treden die ik bedacht!<\/div>\n<p>Met deze woorden wordt de lezer welkom geheten in Arjen Duinkers zevende bundel Misschien vier vergelijkingen. Deze bundel, het moet meteen maar gezegd, is een genot om te lezen, een genot om in heen en weer te bladeren, en een genot om na enige tijd weer ter hand te nemen en opnieuw in rond te dwalen. Waarom?<br \/>\nDe bundel is het verhaal van vier mensen: een vrouw met oorbellen, een vrouw met sproeten, een Indiase zanger en Scarpa. Als in een oratorium worden ze afwisselend aan het woord gelaten, waarbij ze elkaar vertellen over hun leven, over hun preoccupaties, over wat ze zien, voelen, denken en willen.<br \/>\nIn een roman geven we ons er doorgaans weinig rekenschap van dat de personages in wie we ons inleven uitsluitend in en uit taal bestaan, maar verhalende po\u00ebzie verhoudt zich wat dat betreft tot de roman zoals een Mondriaan tot een Rembrandt: wat wij aanzien voor de preoccupaties van de personages zijn feitelijk niets anders dan woorden en woordgroepen. Het is fascinerend om te zien hoe deze woorden en woordgroepen in Duinkers bundel telkens onopvallend worden ge\u00efntroduceerd, door herhaling voortdurend aan betekenis winnen en zo langzamerhand eigendom worden van de respectievelijke personages, die daardoor steeds herkenbaarder worden. Het aantrekkelijk daarbij is dat de betekenisvorming geen eindpunt bereikt. De dramatische context waarin Duinker zijn motieven heeft geplaatst voorkomt immers de kristallisatie van die motieven tot zoiets als een theorie, en daardoor wordt het lezen van deze bundel een waar avontuur.<\/p>\n<p>De vrouw met oorbellen, de vrouw met sproeten, de Indiase zanger en Scarpa staan bij Scarpa op de trap.<\/p>\n<div class=\"gedicht\">De Indiase zanger zegt tegen de mevrouw met sproeten:<\/p>\n<p>\u2018Hoeren hebben hier gestaan, met hun wijsheid,<br \/>\nComponisten hebben hier gestaan, in de ruimte,<br \/>\nVrouwen met spataderen, klachten en eergevoel<br \/>\nBakkers met hun deeg van fijngehakt hout,<br \/>\nMannen die hun vrouwen van make-up voorzien,<br \/>\nWrede mannen, mannen die verdronken leken<br \/>\nIn het verdriet om hun afwezige penis,<br \/>\nJengelende kinderen, optimistische kinderen,<br \/>\nConstructeurs, grafici, modefotografen,<br \/>\nWinnaars van oorlogen, winnaars van wedstrijden,<br \/>\nVrouwen met edele schoonheidsidealen<br \/>\nNaast vrouwen met een huid van stof,<br \/>\nStaatslieden, circusartiesten, grimeurs,<br \/>\nMensen met ongelovige ogen\u2026\u2019<\/p><\/div>\n<p>Zoals bij een dichter van Duinkers kaliber vanzelf spreekt, kan ook in zo\u2019n op het oog onbeduidend fragment nagenoeg zijn hele po\u00ebtica worden teruggevonden. We herkennen de wereld die dagelijks via het nieuws of via onze eigen ogen tot ons komt. Maar vooral voel je op de achtergrond een niet aflatend streven naar volledigheid. Weliswaar niet de volledigheid die de krant en de tv zo onmisbaar maken, maar de behoefte om \u2018alles + n\u2019 te vertellen, waarbij n mag staan voor alles wat aan die media ontsnapt.<\/p>\n<p>Het is niet gebruikelijk om bij de bespreking van po\u00ebzie van wiskundige symbolen gebruik te maken, maar Duinker is zelf niet wars van een beetje wiskunde, getuige de titel van zowel deze bundel als die van zijn vorige, De geschiedenis van een opsomming (in 2000 bekroond met de Jan Campertprijs).<\/p>\n<p>Ook in deze bundel is de opsomming Duinkers meest in het oog springende stijlmiddel. Dat is natuurlijk niet zo gek, want welke manier ligt er meer voor de hand om aan dat n het zijne te geven? Toegegeven, de opsomming gaat altijd met een bepaald tekort gepaard, aangezien het nu eenmaal niet mogelijk is om \u2018alles\u2019 te benoemen, vooral niet wanneer je liever niet in categorie\u00ebn denkt. Voor je het weet zit je dan met een pantheon van 333 miljoen goden, zoals het Hindoe\u00efsme dat kent &#8211; en misschien moet in die sfeer ook de herkomst van Scarpa en de Indiase zanger worden gezocht. Maar het is juist in dat tekort dat dat n zich via een omweg toch aan ons kan openbaren, namelijk wanneer we denken: h\u00e9, ik heb iets gemist. Wat we misten kon nu juist alleen door de opsomming worden ge\u00ebvoceerd.<\/p>\n<p>Vaak ook gaat de opsomming associatief te werk. Bijvoorbeeld zo:<\/p>\n<div class=\"gedicht\">En toch vraag ik soms<br \/>\nWaarom het een gebeurt en het ander niet<br \/>\nIk vraag het mezelf in slapeloze nachten,<br \/>\nIk vraag het astronomen, in levenden lijve,<br \/>\nIk vraag het mensen met wie ik in een rij sta,<br \/>\nOngeacht houding of haardracht,<br \/>\nIk vraag het ook aan verkopers en verkoopsters<br \/>\nVan noten en vruchten en stoffen,<br \/>\nAllen met een schitterende staat van dienst.<br \/>\nIk vraag het<br \/>\nIn de bus aan de medereiziger,<br \/>\nOmdat ik geloof hecht aan het toeval,<br \/>\nIk vraag het ook<br \/>\nAan kapsters en masseurs, omdat ze behulpzaam zijn.<br \/>\nNee, geesten vraag ik niets.<\/div>\n<p>Hoewel de associaties alle richtingen uitwaaieren, kan het niet anders of Duinker keert telkens terug naar zijn motieven, zoals die gestalte aannemen in zijn personages. Maar geesten vraagt hij niets: met hun kennis van de eeuwigheid betekenen zij immers de dood in de pot. En zo worden de vrouw met oorbellen, de vrouw met sproeten, de Indiase zanger en Scarpa inderdaad vier vergelijkingen voor de oneindig rijke werkelijkheid, waarbij het misschien uit de titel de slag om de arm uitdrukt, die de dichter behoedt voor een al te definitieve stellingname. Het staat hem immers altijd vrij om opnieuw aan het associ\u00ebren te slaan en weer tot andere, nieuwe vergelijkingen te komen.<\/p>\n<div class=\"gedicht\">Voor de wiskundige<br \/>\nZijn wij misschien vier vergelijkingen,<br \/>\nVoor de komiek<br \/>\nZijn we minstens twee grappen,<br \/>\nVoor de autodealer<br \/>\nZijn we geen reclame<\/div>\n<p>dicht Duinker, en zo is het maar net. Of beter gezegd, zo is het misschien. Want Duinker is voortdurend op zoek naar antwoorden, maar niet naar antwoorden op vragen. Daarvoor is de wereld veel te groot, &#8211; en trouwens, welke formule zou ooit onze verwondering om de wereld tot rust kunnen brengen? We worden al met al dus niets wijzer van deze po\u00ebzie, maar we zijn wel vele ervaringen rijker en bovendien hebben we ons kostelijk geamuseerd, zoals trouwens ook de dichter zelf:<\/p>\n<div class=\"gedicht\">Ja, ik wil vertellen en kijken,<br \/>\nEn het pleziert me te doen<br \/>\nAlsof ik jullie ken, zoals ik ook plezier beleef<br \/>\nAan de noodzaak van praktische dingen,<br \/>\nJa, zo is het.<\/div>\n<p>De stelligheid van de laatste regel, die op maar zo weinig aanspraak maakt, geeft blijk van de weldadige pretentieloosheid waarmee deze po\u00ebzie is geschreven. Arjen Duinker schreef een heerlijk leesboek, een fraai ge\u00ebnsceneerd theaterstuk, een prikkelende liederenbundel en een fantastische bundel po\u00ebzie.<\/p>\n","protected":false},"excerpt":{"rendered":"<p>Recensie door Rutger H. Cornets de Groot van &#8216;Misschien vier vergelijkingen&#8217; van Arjen Duinker<\/p>\n","protected":false},"author":1,"featured_media":0,"parent":0,"menu_order":3,"comment_status":"open","ping_status":"closed","template":"","meta":{"footnotes":""},"class_list":["post-4347","page","type-page","status-publish"],"_links":{"self":[{"href":"https:\/\/www.cornetsdegroot.com\/rhcdg\/wp-json\/wp\/v2\/pages\/4347","targetHints":{"allow":["GET"]}}],"collection":[{"href":"https:\/\/www.cornetsdegroot.com\/rhcdg\/wp-json\/wp\/v2\/pages"}],"about":[{"href":"https:\/\/www.cornetsdegroot.com\/rhcdg\/wp-json\/wp\/v2\/types\/page"}],"author":[{"embeddable":true,"href":"https:\/\/www.cornetsdegroot.com\/rhcdg\/wp-json\/wp\/v2\/users\/1"}],"replies":[{"embeddable":true,"href":"https:\/\/www.cornetsdegroot.com\/rhcdg\/wp-json\/wp\/v2\/comments?post=4347"}],"version-history":[{"count":3,"href":"https:\/\/www.cornetsdegroot.com\/rhcdg\/wp-json\/wp\/v2\/pages\/4347\/revisions"}],"predecessor-version":[{"id":4427,"href":"https:\/\/www.cornetsdegroot.com\/rhcdg\/wp-json\/wp\/v2\/pages\/4347\/revisions\/4427"}],"wp:attachment":[{"href":"https:\/\/www.cornetsdegroot.com\/rhcdg\/wp-json\/wp\/v2\/media?parent=4347"}],"curies":[{"name":"wp","href":"https:\/\/api.w.org\/{rel}","templated":true}]}}