{"id":3382,"date":"2015-08-19T16:19:34","date_gmt":"2015-08-19T16:19:34","guid":{"rendered":"http:\/\/www.cornetsdegroot.com\/rearwindow\/?page_id=3382"},"modified":"2015-08-22T14:45:32","modified_gmt":"2015-08-22T14:45:32","slug":"voorbij-de-gruwel","status":"publish","type":"page","link":"https:\/\/www.cornetsdegroot.com\/rearwindow\/voorbij-de-gruwel\/","title":{"rendered":"Voorbij de gruwel"},"content":{"rendered":"<div class=\"mysub-header\">Over <em>La vita \u00e8 bella<\/em> (Roberto Benigni, 1997)<\/div>\n<p><a href=\"http:\/\/www.cornetsdegroot.com\/rearwindow\/files\/2015\/08\/vita.jpg\"><img loading=\"lazy\" decoding=\"async\" class=\"alignnone size-full wp-image-3387\" src=\"http:\/\/www.cornetsdegroot.com\/rearwindow\/files\/2015\/08\/vita.jpg\" alt=\"Roberto Benigni en Giorgio Cantarini in de barakken van het concentratiekamp\" width=\"700\" height=\"507\" srcset=\"https:\/\/www.cornetsdegroot.com\/rearwindow\/files\/2015\/08\/vita.jpg 700w, https:\/\/www.cornetsdegroot.com\/rearwindow\/files\/2015\/08\/vita-300x217.jpg 300w, https:\/\/www.cornetsdegroot.com\/rearwindow\/files\/2015\/08\/vita-150x109.jpg 150w, https:\/\/www.cornetsdegroot.com\/rearwindow\/files\/2015\/08\/vita-400x290.jpg 400w\" sizes=\"auto, (max-width: 700px) 100vw, 700px\" \/><\/a><\/p>\n<p>Wanneer Guido (Roberto Benigni) en zijn vriend Ferruccio (Sergio Brustic) in de openingssc\u00e8ne van <em>La vita \u00e8 bella<\/em> met kapotte remmen een heuvel afdenderen, lijkt dat maar \u00e9\u00e9n ding te kunnen betekenen: pas op, dit is slapstick, alle remmen zijn los. Maar wat betekent\u00a0zo&#8217;n\u00a0waarschuwing in een film die de jodenvernietiging tot onderwerp heeft? Wat is er hier eigenlijk misplaatst: het lachen, of de Holocaust? Aan de andere kant: wie zei er ook dat slapstick de werkelijkheid op een afstand zou houden?<\/p>\n<p><em>La vita \u00e8 bella<\/em>, geschreven en geregisseerd door Roberto Benigni, die ook de hoofdrol speelt &#8211; wellicht het beste bekend van zijn rollen in Jim Jarmusch\u2019 <em>Down by law<\/em> en <em>Night on earth<\/em> &#8211; vertelt het verhaal van een Joods gezin voor en tijdens de oorlogsjaren in Toscane. De eerste helft van de film doet verslag van de vindingrijke pogingen van boekhandelaar Guido Orifice om onderwijzeres Dora (gespeeld door Benigni\u2019s vrouw Nicoletta Braschi) voor zich te winnen. Hij slaagt hierin door een reeks \u2018toevalligheden\u2019 te provoceren, die voor Dora tenslotte geen andere conclusie overlaten dan dat hier wel van een kosmische noodzakelijkheid sprake moet zijn.<\/p>\n<p>De stemming is vrolijk, hier en daar hilarisch, waarbij het naderend onheil op een haast zorgeloze manier wordt aangekondigd. Wanneer Guido naar de politieke denkbeelden van zijn oom informeert, roept deze eerst zijn zoons tot de orde met de woorden: \u2018Adolf! Benito! Stil!\u2019 En ook later in de film maakt Guido, geconfronteerd met een bord \u2018Verboden voor honden en Joden\u2019, zijn zoontje nog wijs dat er evengoed \u2018Verboden voor spinnen en Visigothen\u2019 had kunnen staan.<\/p>\n<p>In de tweede helft van de film zijn Dora en Guido getrouwd en hebben ze een zoontje, Giosu\u00e9 (Giorgio Cantarini). Maar het duurt niet lang of de Gestapo komt aan de deur van hun boekwinkeltje kloppen. De humor verliest hier onvermijdelijk wat\u00a0van zijn onbezorgde karakter. Zou wat v\u00f3or de oorlog lukte &#8211; het manipuleren van gebeurtenissen &#8211; ook nu lukken? Op weg naar het concentratiekamp stelt Guido het leven in het kamp aan Giosu\u00e9 voor als een groot spel, waarin het erom gaat 1000 punten te verdienen. De eerste prijs is een heuse tank. Iedereen, legt hij uit, wil natuurlijk heel\u00a0graag die tank winnen; vandaar de lange rijen voor de veewagens; vandaar ook de strakke organisatie rond het hele spektakel.<\/p>\n<p>In het kamp zelf zijn alle herkenningspunten van de jodenvernietiging aanwezig: de barakken, de kampkleding, de tatoeages, de douches en de ovens, tot aan een vleesberg toe. Maar van pogingen om er\u00a0een realistisch aanzien te geven is bij voorbaat afgezien: het zijn maar\u00a0rekwisieten die de werkelijkheid van het kampleven hooguit suggereren.<\/p>\n<p>Het is Benigni\u2019s antwoord op de vraag hoe in deze tijd, met bijna geen kampgevangene meer in leven, een beeld kan worden gegeven van de meest extreme gebeurtenis van de afgelopen\u00a0eeuw. Claude Lanzmann wist het in 1985 nog precies: het is een even vervloekte als heilige gruwel (het Latijnse <em>sacer<\/em> drukt beide betekenissen tegelijk uit) waarvan geen afbeelding mag worden gemaakt; zijn monumentale, 9\u00bd uur durende <em>Shoah<\/em> stelde hij uit louter interviews samen. Van dit strenge standpunt biedt <em>La vita \u00e8 bella<\/em>\u00a0het negatief. Ook Benigni ziet ervan af een realistisch beeld van de gebeurtenissen te geven. Een waarachtige weergave heeft nu eenmaal alleen kans van slagen als we die gebeurtenissen benaderen conform de indruk die ze nu, meer dan een halve eeuw later, op ons maken, dwz als onwerkelijk, onbestaanbaar &#8211; in \u00e9en woord: grotesk.<\/p>\n<p>Sinds een paar jaar zijn we er in de bioscoop aan gewend te lachen om de meest afschuwelijke gebeurtenissen. Het postmodernisme, dat alle oordelen en interpretaties min of meer gelijkwaardig verklaart, stelt kunstenaars in staat een zaak van alle kanten te bekijken en heeft daarmee de weg vrijgemaakt voor een onbevangen benadering van elk historisch feit. Voortaan kan niet alleen een beschrijving van het leven &#8211; <em>La dolce vita<\/em> bv &#8211; maar ook een bewering &#8211; <em>La vita \u00e8 bella<\/em> &#8211; moeiteloos worden volgehouden, zelfs onder de meest compromitterende omstandigheden. Wie daardoor verontrust raakt, mag bedenken dat dit mogelijk de enige manier is om de Holocaust van zijn onaantastbare, versteende imago te ontdoen. Het is dit inzicht dat Benigni niet alleen de juryprijs van het filmfestival van Cannes en drie Oscars heeft opgeleverd, maar ook de Jewish Experience Award van het filmfestival van Jeruzalem.<\/p>\n<p>Benigni\u2019s talent is alom met dat van Chaplin vergeleken en dat is niet onterecht. Het gaat niet alleen op voor hun vaardigheden in het komische, maar vooral om de combinatie van humor en mededogen en beider maatschappelijke en historisch-politieke betrokkenheid. Toch is er nog een groot verschil. Anders dan Chaplin is Benigni gespeend van ieder idealisme. De schijnwereld die Guido zijn zoontje voorhoudt, ligt niet in een toekomst verscholen, maar is, althans voor het ventje, echt en dus een suggestie, een alternatief &#8211; geen belofte. De werkelijkheid wijkt in <em>La vita \u00e8 bella<\/em> ook geen moment, &#8211; integendeel, het ergste gebeurt, precies zoals we het ons herinneren. Een fantasiewereld als deze kan het overleven van zijn eigen schepper immers ook niet garanderen, al vergoedt de gewonnen tank aan het eind veel. Maar wie vanuit het dodenrijk naar dit leven tuurt, kan tenslotte ook niet anders dan instemmen met het sterkste argument tegen de Holocaust: het leven <em>is<\/em> prachtig.<\/p>\n<h5>Hemlock, 22 februari 1999.<\/h5>\n<p><iframe loading=\"lazy\" src=\"https:\/\/www.youtube.com\/embed\/JDuFndNrJo0?rel=0\" width=\"640\" height=\"480\" frameborder=\"0\" allowfullscreen=\"allowfullscreen\"><\/iframe><\/p>\n","protected":false},"excerpt":{"rendered":"<p>Over La vita \u00e8 bella (Roberto Benigni, 1997) Wanneer Guido (Roberto Benigni) en zijn vriend Ferruccio (Sergio Brustic) in de openingssc\u00e8ne van La vita \u00e8 bella met kapotte remmen een heuvel afdenderen, lijkt dat maar \u00e9\u00e9n ding te kunnen betekenen: pas op, dit is slapstick, alle remmen zijn los. Maar wat betekent\u00a0zo&#8217;n\u00a0waarschuwing in een film die de jodenvernietiging tot onderwerp heeft? Wat is er hier eigenlijk misplaatst: het lachen, of de Holocaust? Aan de andere kant: wie zei er ook dat slapstick de werkelijkheid op een afstand zou houden? La vita \u00e8 bella, geschreven en geregisseerd door Roberto Benigni, die ook de hoofdrol speelt &#8211; wellicht het beste bekend van zijn rollen in Jim Jarmusch\u2019 Down by law en Night on earth &#8211; vertelt het verhaal van een Joods gezin voor en tijdens de oorlogsjaren in Toscane. De eerste helft van de film doet verslag van de vindingrijke pogingen van boekhandelaar Guido Orifice om onderwijzeres Dora (gespeeld door Benigni\u2019s vrouw Nicoletta Braschi) voor zich te winnen. Hij slaagt hierin door een reeks \u2018toevalligheden\u2019 te provoceren, die voor Dora tenslotte geen andere conclusie overlaten dan dat hier wel van een kosmische noodzakelijkheid sprake moet zijn. De stemming is vrolijk, hier en &#8230; <\/p>\n<p class=\"read-more-container\"><a title=\"Voorbij de gruwel\" class=\"read-more button\" href=\"https:\/\/www.cornetsdegroot.com\/rearwindow\/voorbij-de-gruwel\/#more-3382\" aria-label=\"Lees meer over Voorbij de gruwel\">Lees meer<\/a><\/p>\n","protected":false},"author":1,"featured_media":0,"parent":0,"menu_order":0,"comment_status":"closed","ping_status":"closed","template":"","meta":{"footnotes":""},"class_list":["post-3382","page","type-page","status-publish"],"_links":{"self":[{"href":"https:\/\/www.cornetsdegroot.com\/rearwindow\/wp-json\/wp\/v2\/pages\/3382","targetHints":{"allow":["GET"]}}],"collection":[{"href":"https:\/\/www.cornetsdegroot.com\/rearwindow\/wp-json\/wp\/v2\/pages"}],"about":[{"href":"https:\/\/www.cornetsdegroot.com\/rearwindow\/wp-json\/wp\/v2\/types\/page"}],"author":[{"embeddable":true,"href":"https:\/\/www.cornetsdegroot.com\/rearwindow\/wp-json\/wp\/v2\/users\/1"}],"replies":[{"embeddable":true,"href":"https:\/\/www.cornetsdegroot.com\/rearwindow\/wp-json\/wp\/v2\/comments?post=3382"}],"version-history":[{"count":3,"href":"https:\/\/www.cornetsdegroot.com\/rearwindow\/wp-json\/wp\/v2\/pages\/3382\/revisions"}],"predecessor-version":[{"id":3427,"href":"https:\/\/www.cornetsdegroot.com\/rearwindow\/wp-json\/wp\/v2\/pages\/3382\/revisions\/3427"}],"wp:attachment":[{"href":"https:\/\/www.cornetsdegroot.com\/rearwindow\/wp-json\/wp\/v2\/media?parent=3382"}],"curies":[{"name":"wp","href":"https:\/\/api.w.org\/{rel}","templated":true}]}}